{"id":173,"date":"2018-05-24T14:32:30","date_gmt":"2018-05-24T17:32:30","guid":{"rendered":"http:\/\/www.bangfilmes.com.br\/caminho-do-mar\/?page_id=173"},"modified":"2018-05-24T16:46:40","modified_gmt":"2018-05-24T19:46:40","slug":"sinopse","status":"publish","type":"page","link":"https:\/\/www.bangfilmes.com.br\/caminho-do-mar\/sinopse\/","title":{"rendered":"Sinopse"},"content":{"rendered":"<h3>Da nascente \u00e0 foz, o rio Para\u00edba do Sul \u00e9 muitos rios. Com suas \u00e1guas, abasteceu e possibilitou a forma\u00e7\u00e3o s\u00f3cio econ\u00f4mica brasileira, especialmente, a do sudeste do pa\u00eds.<\/h3>\n<h3>O Ciclo da Cana, do caf\u00e9 e a industrializa\u00e7\u00e3o brasileira s\u00f3 foram poss\u00edveis, gra\u00e7as ao Para\u00edba do Sul. Trata-se de um rio estrat\u00e9gico para o pa\u00eds, mas pouco conhecido pelos brasileiros.<\/h3>\n<h3>O Para\u00edba do Sul \u00e9 um rio de muitas hist\u00f3rias. S\u00e3o algumas delas que o document\u00e1rio longa-metragem \u201cCaminho do Mar\u201d vai contar, atrav\u00e9s de depoimentos de estudiosos e especialistas, mas, sobretudo, conhecendo e apresentando quem vive \u00e0s suas margens e sobrevive de suas \u00e1guas.<\/h3>\n<h3>O filme \u00e9 um verdadeiro \u201croad-movie\u201d fluvial, que vai revelar paisagens e figuras humanas surpreendentes.<\/h3>\n<h3>Abrace o Para\u00edba do Sul. Ele \u00e9 fundamental. Voc\u00ea ver\u00e1!<\/h3>\n<h4>Dire\u00e7\u00e3o Bebeto Abrantes<br \/>\nRoteirista, diretor e editor-geral de in\u00fameras produ\u00e7\u00f5es televisivas para canais abertos e \u00e0 cabo do Brasil e do exterior, tais como: TV Globo, Canal Futura, GNT, Multishow, Discovery Kids, Animal Planet, Canal Brasil, TV Cultura, TV Escola, TV Brasil, SESC TV e outros. Como diretor fez o premiado document\u00e1rio \u201cRecife\/Sevilha \u2013 Jo\u00e3o Cabral de Melo Neto\u201d, \u201cHist\u00f3rias de um Brasil Alfabetizado\u201d, document\u00e1rio finalista do Japan Prize 2007, \u201cTV \u2013 Quem Faz, Quem V\u00ea\u201d, filmensobre a hist\u00f3ria da televis\u00e3o brasileira, \u201cAt\u00e9 Quando?\u201d e \u201cAs Batidas do Samba\u201d. Roteirizou as S\u00e9ries \u201c7 X Bossa Nova\u201d, medalha de prata no New York Film Festival 2006; \u201cEco-Aventura: Amaz\u00f4nia\u201d s\u00e9rie de 5 epis\u00f3dios produzida para o Discovery Kids, finalista do Emmy Awards 2000 e \u201cDan\u00e7as Brasileiras\u201d, s\u00e9rie de 13 epis\u00f3dios com o dan\u00e7arino e m\u00fasico Ant\u00f4nio N\u00f3brega, semi-finalista International Emmy Awards 2005. \u00c9 criador e roteirista do projeto \u201c3 Antonios &amp; 1 Jobim\u201d, que reuniu em ontol\u00f3gico encontro, o maestro Tom Jobim, e os n\u00e3o menos renomados: Antonio Callado, Antonio Houaiss e o cr\u00edtico paulista Antonio C\u00e2ndido.<\/h4>\n<div id=\"envira-gallery-wrap-179\" class=\"envira-gallery-wrap envira-gallery-theme-base envira-lightbox-theme-base\" itemscope itemtype=\"http:\/\/schema.org\/ImageGallery\"><div data-row-height=\"\" data-gallery-theme=\"\" id=\"envira-gallery-179\" class=\"envira-gallery-public  envira-gallery-1-columns envira-clear enviratope envira-gallery-css-animations\" data-envira-columns=\"1\"><div id=\"envira-gallery-item-180\" class=\"envira-gallery-item enviratope-item envira-gallery-item-1 envira-lazy-load\" style=\"padding-left: 5px; padding-bottom: 10px; padding-right: 5px;\"  itemscope itemtype=\"http:\/\/schema.org\/ImageObject\"><div class=\"envira-gallery-item-inner\"><div class=\"envira-gallery-position-overlay  envira-gallery-top-left\"><\/div><div class=\"envira-gallery-position-overlay  envira-gallery-top-right\"><\/div><div class=\"envira-gallery-position-overlay  envira-gallery-bottom-left\"><\/div><div class=\"envira-gallery-position-overlay  envira-gallery-bottom-right\"><\/div><a href=\"http:\/\/www.bangfilmes.com.br\/caminho-do-mar\/wp-content\/uploads\/sites\/7\/2018\/05\/cartaz.jpg\" class=\"envira-gallery-179 envira-gallery-link\" rel=\"enviragallery179\" title=\"cartaz\" data-envira-caption=\"cartaz\" data-envira-retina=\"\" data-thumbnail=\"\"  itemprop=\"contentUrl\"><div class=\"envira-lazy\" data-test-width=\"640\" data-test-height=\"480\" style=\"padding-bottom:75%;\"><img decoding=\"async\" id=\"envira-gallery-image-180\" class=\"envira-gallery-image envira-gallery-image-1\" data-envira-index=\"1\" src=\"https:\/\/www.bangfilmes.com.br\/caminho-do-mar\/wp-content\/uploads\/sites\/7\/2018\/05\/cartaz-576x1024-640x480.jpg\" data-envira-src=\"https:\/\/www.bangfilmes.com.br\/caminho-do-mar\/wp-content\/uploads\/sites\/7\/2018\/05\/cartaz-576x1024-640x480.jpg\" data-envira-gallery-id=\"179\" data-envira-item-id=\"180\" data-envira-caption=\"cartaz\" alt=\"\" title=\"cartaz\"  itemprop=\"thumbnailUrl\" data-envira-srcset=\"https:\/\/www.bangfilmes.com.br\/caminho-do-mar\/wp-content\/uploads\/sites\/7\/2018\/05\/cartaz-576x1024-640x480.jpg 400w,https:\/\/www.bangfilmes.com.br\/caminho-do-mar\/wp-content\/uploads\/sites\/7\/2018\/05\/cartaz-576x1024-640x480.jpg 2x\" srcset=\"data:image\/gif;base64,R0lGODlhAQABAIAAAP\/\/\/\/\/\/\/yH5BAEKAAEALAAAAAABAAEAAAICTAEAOw==\" \/><\/div><\/a><\/div><\/div><\/div><\/div><noscript><img decoding=\"async\" src=\"https:\/\/www.bangfilmes.com.br\/caminho-do-mar\/wp-content\/uploads\/sites\/7\/2018\/05\/cartaz.jpg\" alt=\"\" \/><\/noscript>\n","protected":false},"excerpt":{"rendered":"<p>Da nascente \u00e0 foz, o rio Para\u00edba do Sul \u00e9 muitos rios. Com suas \u00e1guas, abasteceu e possibilitou a forma\u00e7\u00e3o s\u00f3cio econ\u00f4mica brasileira, especialmente, a do sudeste do pa\u00eds. O Ciclo da Cana, do caf\u00e9<a class=\"read-more\" href=\"https:\/\/www.bangfilmes.com.br\/caminho-do-mar\/sinopse\/\">Continue Lendo<\/a><\/p>\n","protected":false},"author":1,"featured_media":0,"parent":0,"menu_order":0,"comment_status":"closed","ping_status":"closed","template":"page-templates\/page_fullwidth.php","meta":{"footnotes":""},"class_list":["post-173","page","type-page","status-publish","hentry"],"_links":{"self":[{"href":"https:\/\/www.bangfilmes.com.br\/caminho-do-mar\/wp-json\/wp\/v2\/pages\/173","targetHints":{"allow":["GET"]}}],"collection":[{"href":"https:\/\/www.bangfilmes.com.br\/caminho-do-mar\/wp-json\/wp\/v2\/pages"}],"about":[{"href":"https:\/\/www.bangfilmes.com.br\/caminho-do-mar\/wp-json\/wp\/v2\/types\/page"}],"author":[{"embeddable":true,"href":"https:\/\/www.bangfilmes.com.br\/caminho-do-mar\/wp-json\/wp\/v2\/users\/1"}],"replies":[{"embeddable":true,"href":"https:\/\/www.bangfilmes.com.br\/caminho-do-mar\/wp-json\/wp\/v2\/comments?post=173"}],"version-history":[{"count":5,"href":"https:\/\/www.bangfilmes.com.br\/caminho-do-mar\/wp-json\/wp\/v2\/pages\/173\/revisions"}],"predecessor-version":[{"id":183,"href":"https:\/\/www.bangfilmes.com.br\/caminho-do-mar\/wp-json\/wp\/v2\/pages\/173\/revisions\/183"}],"wp:attachment":[{"href":"https:\/\/www.bangfilmes.com.br\/caminho-do-mar\/wp-json\/wp\/v2\/media?parent=173"}],"curies":[{"name":"wp","href":"https:\/\/api.w.org\/{rel}","templated":true}]}}