{"id":209,"date":"2018-06-07T15:37:33","date_gmt":"2018-06-07T18:37:33","guid":{"rendered":"http:\/\/www.bangfilmes.com.br\/caminho-do-mar\/?page_id=209"},"modified":"2018-06-07T16:06:43","modified_gmt":"2018-06-07T19:06:43","slug":"todos-os-posts","status":"publish","type":"page","link":"https:\/\/www.bangfilmes.com.br\/caminho-do-mar\/todos-os-posts\/","title":{"rendered":"Todos os Posts"},"content":{"rendered":"<p><code class=\"php plain\"><div class=\"otw-row\"><!-- Blog 1 Column -->\r\n<section class=\"otw-twentyfour otw-columns\" id=\"otw-bm-list-1\">\r\n\r\n  \r\n  <div class=\"\">\r\n\r\n    <div class=\"otw-row otw_blog_manager-blog-item-holder\">\r\n\r\n      \r\n      <div class=\"otw-twentyfour otw-columns\">\r\n        <article class=\"otw_blog_manager-blog-full icon__small otw_blog_manager-blog-image-left  \">\r\n          <!-- Blog Media -->\r\n<div class=\"otw_blog_manager-blog-media-wrapper otw_blog_manager-format-image hover-style-1-full\">\r\n  <\/div>\r\n<!-- End Blog Media --><!-- Blog Title -->\r\n<div class=\"otw_blog_manager-blog-title-wrapper otw_blog_manager-format-image\">\r\n    <h3 class=\"otw_blog_manager-blog-title\"><a href=\"https:\/\/www.bangfilmes.com.br\/caminho-do-mar\/2018\/06\/11\/fotos-lancamento-caminho-do-mar\/\">Fotos: Lan\u00e7amento Caminho do Mar<\/a><\/h3>\r\n  <\/div>\r\n<!-- End Blog Title --><!-- Blog Content -->\r\n<div class=\"otw_blog_manager-blog-content\">\r\n  <p>\r\n    Pr\u00e9 estreia do filme \u201cCAMINHO DO MAR\u201d, de Bebeto Abrantes, no dia 05 de junho - Espa\u00e7o Ita\u00fa de Cinema Botafogo.<br \/>\r\n<br \/>\r\n[envira-gallery id=\"214\"]  <\/p>\r\n<\/div>\r\n<!-- End Blog Content -->                            <\/article>\r\n      <\/div>\r\n\r\n      \r\n      <div class=\"otw-twentyfour otw-columns\">\r\n        <article class=\"otw_blog_manager-blog-full icon__small otw_blog_manager-blog-image-left  \">\r\n          <!-- Blog Media -->\r\n<div class=\"otw_blog_manager-blog-media-wrapper otw_blog_manager-format-image hover-style-1-full\">\r\n  <\/div>\r\n<!-- End Blog Media --><!-- Blog Title -->\r\n<div class=\"otw_blog_manager-blog-title-wrapper otw_blog_manager-format-image\">\r\n    <h3 class=\"otw_blog_manager-blog-title\"><a href=\"https:\/\/www.bangfilmes.com.br\/caminho-do-mar\/2018\/06\/07\/folha-de-sp-documentario-sobre-o-paraiba-do-sul-caminho-do-mar-escapa-de-limitacoes\/\">Folha de SP: Document\u00e1rio sobre o Para\u00edba do Sul, 'Caminho do Mar' escapa de limita\u00e7\u00f5es<\/a><\/h3>\r\n  <\/div>\r\n<!-- End Blog Title --><!-- Blog Content -->\r\n<div class=\"otw_blog_manager-blog-content\">\r\n  <p>\r\n    7.jun.2018 \u00e0s 1h00<br \/>\r\npor S\u00e9rgio Alpendre<br \/>\r\n<br \/>\r\nConhecer e entender as pequenas comunidades em volta do rio Para\u00edba do Sul e, principalmente, o percurso e a hist\u00f3ria desse importante manancial de \u00e1gua para  <\/p>\r\n<\/div>\r\n<!-- End Blog Content -->                            <\/article>\r\n      <\/div>\r\n\r\n      \r\n      <div class=\"otw-twentyfour otw-columns\">\r\n        <article class=\"otw_blog_manager-blog-full icon__small otw_blog_manager-blog-image-left  \">\r\n          <!-- Blog Media -->\r\n<div class=\"otw_blog_manager-blog-media-wrapper otw_blog_manager-format-image hover-style-1-full\">\r\n  <\/div>\r\n<!-- End Blog Media --><!-- Blog Title -->\r\n<div class=\"otw_blog_manager-blog-title-wrapper otw_blog_manager-format-image\">\r\n    <h3 class=\"otw_blog_manager-blog-title\"><a href=\"https:\/\/www.bangfilmes.com.br\/caminho-do-mar\/2018\/05\/29\/ecodebate-caminho-do-mar-o-filme-do-rio-paraiba-do-sul-por-juliana-de-carvalho-e-guilherme-souza\/\">EcoDebate: Caminho do Mar: o filme do rio Para\u00edba do Sul, por Juliana de Carvalho e Guilherme Souza<\/a><\/h3>\r\n  <\/div>\r\n<!-- End Blog Title --><!-- Blog Content -->\r\n<div class=\"otw_blog_manager-blog-content\">\r\n  <p>\r\n    [EcoDebate]Foi fazendo a edi\u00e7\u00e3o de um livro sobre os cursos h\u00eddricos da cidade do Rio de Janeiro que me deparei com a hist\u00f3ria da transposi\u00e7\u00e3o do rio Para\u00edba do Sul  <\/p>\r\n<\/div>\r\n<!-- End Blog Content -->                            <\/article>\r\n      <\/div>\r\n\r\n      \r\n      <div class=\"otw-twentyfour otw-columns\">\r\n        <article class=\"otw_blog_manager-blog-full icon__small otw_blog_manager-blog-image-left  \">\r\n          <!-- Blog Media -->\r\n<div class=\"otw_blog_manager-blog-media-wrapper otw_blog_manager-format-image hover-style-1-full\">\r\n  <\/div>\r\n<!-- End Blog Media --><!-- Blog Title -->\r\n<div class=\"otw_blog_manager-blog-title-wrapper otw_blog_manager-format-image\">\r\n    <h3 class=\"otw_blog_manager-blog-title\"><a href=\"https:\/\/www.bangfilmes.com.br\/caminho-do-mar\/2018\/05\/22\/caminho-do-m%c2%ad%c2%adar-o-filme-do-rio-paraiba-do-sul\/\">Caminho do M\u00ad\u00adar: o filme do rio Para\u00edba do Sul<\/a><\/h3>\r\n  <\/div>\r\n<!-- End Blog Title --><!-- Blog Content -->\r\n<div class=\"otw_blog_manager-blog-content\">\r\n  <p>\r\n    por Juliana de Carvalho \u2013<br \/>\r\n<br \/>\r\nFoi fazendo a edi\u00e7\u00e3o de um livro sobre os cursos h\u00eddricos da cidade do Rio de Janeiro que me deparei com a hist\u00f3ria da transposi\u00e7\u00e3o do  <\/p>\r\n<\/div>\r\n<!-- End Blog Content -->                            <\/article>\r\n      <\/div>\r\n\r\n      \r\n      <div class=\"otw-twentyfour otw-columns\">\r\n        <article class=\"otw_blog_manager-blog-full icon__small otw_blog_manager-blog-image-left  \">\r\n          <!-- Blog Media -->\r\n<div class=\"otw_blog_manager-blog-media-wrapper otw_blog_manager-format-image hover-style-1-full\">\r\n  <\/div>\r\n<!-- End Blog Media --><!-- Blog Title -->\r\n<div class=\"otw_blog_manager-blog-title-wrapper otw_blog_manager-format-image\">\r\n    <h3 class=\"otw_blog_manager-blog-title\"><a href=\"https:\/\/www.bangfilmes.com.br\/caminho-do-mar\/2018\/05\/14\/nossa-senhora-da-aparecida-a-padroeira-do-brasil\/\">Nossa Senhora da Aparecida, a padroeira do Brasil<\/a><\/h3>\r\n  <\/div>\r\n<!-- End Blog Title --><!-- Blog Content -->\r\n<div class=\"otw_blog_manager-blog-content\">\r\n  <p>\r\n    A imagem de Nossa Senhora da Aparecida, padroeira do Brasil, foi encontrada por pescadores no rio Para\u00edba do Sul, no s\u00e9culo XVIII.<br \/>\r\nO Jos\u00e9 de Oliveira, que \u00e9 santeiro e trabalha  <\/p>\r\n<\/div>\r\n<!-- End Blog Content -->                            <\/article>\r\n      <\/div>\r\n\r\n      \r\n      <div class=\"otw-twentyfour otw-columns\">\r\n        <article class=\"otw_blog_manager-blog-full icon__small otw_blog_manager-blog-image-left  \">\r\n          <!-- Blog Media -->\r\n<div class=\"otw_blog_manager-blog-media-wrapper otw_blog_manager-format-image hover-style-1-full\">\r\n  <\/div>\r\n<!-- End Blog Media --><!-- Blog Title -->\r\n<div class=\"otw_blog_manager-blog-title-wrapper otw_blog_manager-format-image\">\r\n    <h3 class=\"otw_blog_manager-blog-title\"><a href=\"https:\/\/www.bangfilmes.com.br\/caminho-do-mar\/2018\/03\/28\/rio-paraiba-do-sul\/\">Rio Para\u00edba do Sul - Polui\u00e7\u00e3o H\u00eddrica<\/a><\/h3>\r\n  <\/div>\r\n<!-- End Blog Title --><!-- Blog Content -->\r\n<div class=\"otw_blog_manager-blog-content\">\r\n  <p>\r\n    \u201cExiste outro aspecto do desastre natural que n\u00e3o \u00e9 t\u00e3o midi\u00e1tico e que talvez se torne t\u00e3o corriqueiro que j\u00e1 est\u00e1 colocado dentro da nossa cultura como sendo acontecimento natural.  <\/p>\r\n<\/div>\r\n<!-- End Blog Content -->                            <\/article>\r\n      <\/div>\r\n\r\n      \r\n      <div class=\"otw-twentyfour otw-columns\">\r\n        <article class=\"otw_blog_manager-blog-full icon__small otw_blog_manager-blog-image-left  \">\r\n          <!-- Blog Media -->\r\n<div class=\"otw_blog_manager-blog-media-wrapper otw_blog_manager-format-image hover-style-1-full\">\r\n  <\/div>\r\n<!-- End Blog Media --><!-- Blog Title -->\r\n<div class=\"otw_blog_manager-blog-title-wrapper otw_blog_manager-format-image\">\r\n    <h3 class=\"otw_blog_manager-blog-title\"><a href=\"https:\/\/www.bangfilmes.com.br\/caminho-do-mar\/2018\/03\/22\/trailer-caminho-do-mar\/\">Trailer 'Caminho do Mar'<\/a><\/h3>\r\n  <\/div>\r\n<!-- End Blog Title --><!-- Blog Content -->\r\n<div class=\"otw_blog_manager-blog-content\">\r\n  <p>\r\n    [wonderplugin_gallery id=\"1\"]  <\/p>\r\n<\/div>\r\n<!-- End Blog Content -->                            <\/article>\r\n      <\/div>\r\n\r\n      \r\n      <div class=\"otw-twentyfour otw-columns\">\r\n        <article class=\"otw_blog_manager-blog-full icon__small otw_blog_manager-blog-image-left  \">\r\n          <!-- Blog Media -->\r\n<div class=\"otw_blog_manager-blog-media-wrapper otw_blog_manager-format-image hover-style-1-full\">\r\n  <\/div>\r\n<!-- End Blog Media --><!-- Blog Title -->\r\n<div class=\"otw_blog_manager-blog-title-wrapper otw_blog_manager-format-image\">\r\n    <h3 class=\"otw_blog_manager-blog-title\"><a href=\"https:\/\/www.bangfilmes.com.br\/caminho-do-mar\/2018\/03\/22\/premio-voz-dos-cidadaos-melhor-filme\/\">Pr\u00eamio Voz dos Cidad\u00e3os - Melhor Filme no 8\u00ba Forum Mundial da \u00c1gua<\/a><\/h3>\r\n  <\/div>\r\n<!-- End Blog Title --><!-- Blog Content -->\r\n<div class=\"otw_blog_manager-blog-content\">\r\n  <p>\r\n    O Filme Caminho do Mar foi exibido no\u00a0Green Film Festival dentro da Programa\u00e7\u00e3o do 8\u00ba F\u00f3rum Mundial da \u00c1gua, em mar\u00e7o 2018 e conquistou o\u00a0Pr\u00eamio Voz dos Cidad\u00e3os.<br \/>\r\n<br \/>\r\n<br \/>\r\n  <\/p>\r\n<\/div>\r\n<!-- End Blog Content -->                            <\/article>\r\n      <\/div>\r\n\r\n      \r\n      <div class=\"otw-twentyfour otw-columns\">\r\n        <article class=\"otw_blog_manager-blog-full icon__small otw_blog_manager-blog-image-left  \">\r\n          <!-- Blog Media -->\r\n<div class=\"otw_blog_manager-blog-media-wrapper otw_blog_manager-format-image hover-style-1-full\">\r\n  <\/div>\r\n<!-- End Blog Media --><!-- Blog Title -->\r\n<div class=\"otw_blog_manager-blog-title-wrapper otw_blog_manager-format-image\">\r\n    <h3 class=\"otw_blog_manager-blog-title\"><a href=\"https:\/\/www.bangfilmes.com.br\/caminho-do-mar\/2018\/03\/22\/artigo\/\">Artigo - Correio Braziliense<\/a><\/h3>\r\n  <\/div>\r\n<!-- End Blog Title --><!-- Blog Content -->\r\n<div class=\"otw_blog_manager-blog-content\">\r\n  <p>\r\n    Caminho do Mar - O filme Document\u00e1rio longa-metragem sobre a hist\u00f3ria do rio Para\u00edba do Sul, dirigido por Bebeto Abrantes. Produ\u00e7\u00e3o Bang Filmes.<br \/>\r\n<br \/>\r\n<br \/>\r\n<br \/>\r\n   <\/p>\r\n<\/div>\r\n<!-- End Blog Content -->                            <\/article>\r\n      <\/div>\r\n\r\n      \r\n      <div class=\"otw-twentyfour otw-columns\">\r\n        <article class=\"otw_blog_manager-blog-full icon__small otw_blog_manager-blog-image-left  \">\r\n          <!-- Blog Media -->\r\n<div class=\"otw_blog_manager-blog-media-wrapper otw_blog_manager-format-image hover-style-1-full\">\r\n  <\/div>\r\n<!-- End Blog Media --><!-- Blog Title -->\r\n<div class=\"otw_blog_manager-blog-title-wrapper otw_blog_manager-format-image\">\r\n    <h3 class=\"otw_blog_manager-blog-title\"><a href=\"https:\/\/www.bangfilmes.com.br\/caminho-do-mar\/2018\/03\/22\/8o-forum-mundial-da-agua\/\">8\u00ba F\u00f3rum Mundial da \u00c1gua<\/a><\/h3>\r\n  <\/div>\r\n<!-- End Blog Title --><!-- Blog Content -->\r\n<div class=\"otw_blog_manager-blog-content\">\r\n  <p>\r\n    <br \/>\r\n<br \/>\r\nO Filme Caminho do Mar participou no dia 20 de mar\u00e7o, \u00e1s 18h30, no Green Film Festival dentro da Programa\u00e7\u00e3o do 8\u00ba F\u00f3rum Mundial da \u00c1gua, seguido de debate com  <\/p>\r\n<\/div>\r\n<!-- End Blog Content -->                            <\/article>\r\n      <\/div>\r\n\r\n      \r\n    <\/div>\r\n\r\n  <\/div> <!-- End Pagination Holder -->\r\n\r\n  <\/section>\r\n<!-- End Blog 1 Column --><\/div><\/code><\/p>\n","protected":false},"excerpt":{"rendered":"","protected":false},"author":1,"featured_media":0,"parent":0,"menu_order":0,"comment_status":"closed","ping_status":"closed","template":"page-templates\/page_fullwidth.php","meta":{"footnotes":""},"class_list":["post-209","page","type-page","status-publish","hentry"],"_links":{"self":[{"href":"https:\/\/www.bangfilmes.com.br\/caminho-do-mar\/wp-json\/wp\/v2\/pages\/209","targetHints":{"allow":["GET"]}}],"collection":[{"href":"https:\/\/www.bangfilmes.com.br\/caminho-do-mar\/wp-json\/wp\/v2\/pages"}],"about":[{"href":"https:\/\/www.bangfilmes.com.br\/caminho-do-mar\/wp-json\/wp\/v2\/types\/page"}],"author":[{"embeddable":true,"href":"https:\/\/www.bangfilmes.com.br\/caminho-do-mar\/wp-json\/wp\/v2\/users\/1"}],"replies":[{"embeddable":true,"href":"https:\/\/www.bangfilmes.com.br\/caminho-do-mar\/wp-json\/wp\/v2\/comments?post=209"}],"version-history":[{"count":3,"href":"https:\/\/www.bangfilmes.com.br\/caminho-do-mar\/wp-json\/wp\/v2\/pages\/209\/revisions"}],"predecessor-version":[{"id":212,"href":"https:\/\/www.bangfilmes.com.br\/caminho-do-mar\/wp-json\/wp\/v2\/pages\/209\/revisions\/212"}],"wp:attachment":[{"href":"https:\/\/www.bangfilmes.com.br\/caminho-do-mar\/wp-json\/wp\/v2\/media?parent=209"}],"curies":[{"name":"wp","href":"https:\/\/api.w.org\/{rel}","templated":true}]}}