{"id":56,"date":"2016-02-03T13:43:17","date_gmt":"2016-02-03T13:43:17","guid":{"rendered":"http:\/\/www.bangfilmes.com.br\/en\/?page_id=56"},"modified":"2022-03-09T17:28:24","modified_gmt":"2022-03-09T17:28:24","slug":"bang-na-midia","status":"publish","type":"page","link":"https:\/\/www.bangfilmes.com.br\/en\/bang-na-midia\/","title":{"rendered":"Bang in the Media"},"content":{"rendered":"<h1>News<\/h1>\n<h4>The latest news about Bang Filmes<\/h4>\n<!-- meta slider -->\n<div style=\"max-width: 1400px;\" class=\"metaslider metaslider-nivo metaslider-178 ml-slider\">\n    \n    <div id=\"metaslider_container_178\">\n        <div class='slider-wrapper theme-default'>\n            <div class='ribbon'><\/div>\n            <div id='metaslider_178' class='nivoSlider'>\n                <a href=\"https:\/\/www.bangfilmes.com.br\/wp-content\/uploads\/2022\/02\/MATERIA-O-GLOBO-.pdf\" target=\"_blank\"><img loading=\"lazy\" decoding=\"async\" src=\"https:\/\/www.bangfilmes.com.br\/en\/wp-content\/uploads\/sites\/4\/2022\/02\/slider-na-midia-oglobo-marco21.jpg\" height=\"450\" width=\"1400\" data-title=\"&lt;h3&gt;Jornal O Globo&lt;\/h3&gt;\r\n&lt;p&gt;Culture - Guardians of Brazil&lt;\/p&gt;\" alt=\"\" class=\"slider-178 slide-767\" \/><\/a>\n                <a href=\"https:\/\/www.bangfilmes.com.br\/wp-content\/uploads\/2022\/02\/Prefeitura-lan%C3%A7a-filmes-e-ensaios-fotogr%C3%A1ficos-produzidos-por-professores-da-Rede.pdf\" target=\"_blank\"><img loading=\"lazy\" decoding=\"async\" src=\"https:\/\/www.bangfilmes.com.br\/en\/wp-content\/uploads\/sites\/4\/2022\/02\/slider-na-midia-prefeitura.jpg\" height=\"450\" width=\"1400\" data-title=\"&lt;h3&gt;Prefeitura do Rio Website&lt;\/h3&gt;\r\n&lt;p&gt;City Hall launches films and photo essays produced by Network teachers&lt;\/p&gt;\" alt=\"\" class=\"slider-178 slide-768\" \/><\/a>\n                <a href=\"http:\/\/agendaculturalriodejaneiro.blogspot.com.br\/2016\/02\/documentario-sao-sebastiao-do-rio-de.html\" target=\"_blank\"><img loading=\"lazy\" decoding=\"async\" src=\"https:\/\/www.bangfilmes.com.br\/en\/wp-content\/uploads\/sites\/4\/2016\/02\/noticia-1.jpg\" height=\"450\" width=\"1400\" data-title=\"&lt;h3&gt;Agenda Cultural Rio de Janeiro&lt;\/h3&gt;\r\n&lt;p&gt;Documentary &quot;Sao Sebastiao do Rio de Janeiro - A Fomra&ccedil;&atilde;o de uma cidade&quot; by Juliana de Carvalho has premiere&lt;\/ p&gt;\" alt=\"\" class=\"slider-178 slide-263\" \/><\/a>\n                <a href=\"http:\/\/www.bangfilmes.com.br\/wp-content\/uploads\/2016\/02\/Exibicao_doc-_Sao_Sebastia.pdf\" target=\"_blank\"><img loading=\"lazy\" decoding=\"async\" src=\"https:\/\/www.bangfilmes.com.br\/en\/wp-content\/uploads\/sites\/4\/2016\/03\/noticia4.jpg\" height=\"450\" width=\"1400\" data-title=\"&lt;h3&gt;Portal Max Press 16-02-2016&lt;\/h3&gt;\r\n&lt;p&gt;Free documentary exhibition &quot;S&atilde;o Sebasti&atilde;o do Rio de Janeiro a forma&ccedil;&atilde;o de uma cidade&quot;&lt;\/p&gt;\" alt=\"\" class=\"slider-178 slide-508\" \/><\/a>\n                <a href=\"http:\/\/www.almanaquedacultura.com.br\/cinema\/documentario-sao-sebastiao-do-rio-de-janeiro-e-exibido-na-cidade-das-artes-no-rio\/\" target=\"_blank\"><img loading=\"lazy\" decoding=\"async\" src=\"https:\/\/www.bangfilmes.com.br\/en\/wp-content\/uploads\/sites\/4\/2016\/02\/noticia2.jpg\" height=\"450\" width=\"1400\" data-title=\"&lt;h3&gt;Almanaque da Cultura&lt;\/h3&gt;\r\n&lt;p&gt;Documentary &lsquo;S&atilde;o Sebasti&atilde;o do Rio de Janeiro&rsquo; exhibition in Rio.&lt;\/p&gt;\" alt=\"\" class=\"slider-178 slide-264\" \/><\/a>\n            <\/div>\n        <\/div>\n        \n    <\/div>\n    <script type=\"text\/javascript\">\n        var metaslider_178 = function($) {\n            $('#metaslider_178').nivoSlider({ \n                boxCols:7,\n                boxRows:5,\n                pauseTime:3000,\n                effect:\"fade\",\n                controlNav:false,\n                directionNav:true,\n                pauseOnHover:true,\n                animSpeed:600,\n                prevText:\"&lt;\",\n                nextText:\"&gt;\",\n                slices:15,\n                manualAdvance:false\n            });\n        };\n        var timer_metaslider_178 = function() {\n            var slider = !window.jQuery ? window.setTimeout(timer_metaslider_178, 100) : !jQuery.isReady ? window.setTimeout(timer_metaslider_178, 1) : metaslider_178(window.jQuery);\n        };\n        timer_metaslider_178();\n    <\/script>\n<\/div>\n<!--\/\/ meta slider-->\n<div class=\" col-md-1_5\" id=\"\" style=\"text-align:;\">\n<h1>2021<\/h1>\n<h4>O Globo 03\/2021<\/h4>\n<p><a href=\"https:\/\/www.bangfilmes.com.br\/wp-content\/uploads\/2022\/02\/MATERIA-O-GLOBO-.pdf\" target=\"_blank\" rel=\"noopener\"><img loading=\"lazy\" decoding=\"async\" class=\"alignleft size-full wp-image-461\" src=\"http:\/\/www.bangfilmes.com.br\/wp-content\/uploads\/2016\/02\/PDF-Icon-small.png\" alt=\"PDF-Icon-small\" width=\"40\" height=\"46\" \/><\/a><br \/>\n<\/div>\n<div class=\" col-md-1_5\" id=\"\" style=\"text-align:;\">\n<h1>2020<\/h1>\n<h4>Portal Prefeitura Rio &#8211; 12\/2020<\/h4>\n<p><a href=\"https:\/\/www.bangfilmes.com.br\/wp-content\/uploads\/2022\/02\/Prefeitura-lan\u00e7a-filmes-e-ensaios-fotogr\u00e1ficos-produzidos-por-professores-da-Rede.pdf\" target=\"_blank\" rel=\"noopener\"><img loading=\"lazy\" decoding=\"async\" class=\"alignleft size-full wp-image-461\" src=\"http:\/\/www.bangfilmes.com.br\/wp-content\/uploads\/2016\/02\/PDF-Icon-small.png\" alt=\"PDF-Icon-small\" width=\"40\" height=\"46\" \/><\/a><br \/>\n<\/div>\n<div class=\" col-md-1_5\" id=\"\" style=\"text-align:;\">\n<h1>2018<\/h1>\n<h4>EcoDebate 05\/2018<\/h4>\n<p><a href=\"http:\/\/www.bangfilmes.com.br\/wp-content\/uploads\/2018\/05\/Caminho-do-Mar_-o-filme-do-rio-Para\u00edba-do-Sul-por-Juliana-de-Carvalho-e-Guilherme-Souza-EcoDebate.pdf\" target=\"_blank\" rel=\"noopener\"><img loading=\"lazy\" decoding=\"async\" class=\"alignleft size-full wp-image-461\" src=\"http:\/\/www.bangfilmes.com.br\/wp-content\/uploads\/2016\/02\/PDF-Icon-small.png\" alt=\"PDF-Icon-small\" width=\"40\" height=\"46\" \/><\/a><\/p>\n<h4>Envolverde 03\/2018<\/h4>\n<p><a href=\"http:\/\/www.bangfilmes.com.br\/wp-content\/uploads\/2018\/05\/Caminho-do-M__ar_-o-filme-do-rio-Para\u00edba-do-Sul-Envolverde-Revista-Digital.pdf\" target=\"_blank\" rel=\"noopener\"><img loading=\"lazy\" decoding=\"async\" class=\"alignleft size-full wp-image-461\" src=\"http:\/\/www.bangfilmes.com.br\/wp-content\/uploads\/2016\/02\/PDF-Icon-small.png\" alt=\"PDF-Icon-small\" width=\"40\" height=\"46\" \/><\/a><\/p>\n<h4>Correio Braziliense 03\/2018<\/h4>\n<p><a href=\"http:\/\/www.bangfilmes.com.br\/wp-content\/uploads\/2018\/05\/Correio-Braziliense-22-de-Mar\u00e7o-de-2018.pdf\" target=\"_blank\" rel=\"noopener\"><img loading=\"lazy\" decoding=\"async\" class=\"alignleft size-full wp-image-461\" src=\"http:\/\/www.bangfilmes.com.br\/wp-content\/uploads\/2016\/02\/PDF-Icon-small.png\" alt=\"PDF-Icon-small\" width=\"40\" height=\"46\" \/><\/a><br \/>\n<\/div>\n<div class=\" col-md-1_5\" id=\"\" style=\"text-align:;\">\n<h1>2016<\/h1>\n<h4>Portal MaxPress 16-02-2016<\/h4>\n<p><a href=\"http:\/\/www.bangfilmes.com.br\/wp-content\/uploads\/2016\/02\/Exibicao_doc-_Sao_Sebastia.pdf\" target=\"_blank\" rel=\"noopener\"><img loading=\"lazy\" decoding=\"async\" class=\"alignleft size-full wp-image-461\" src=\"http:\/\/www.bangfilmes.com.br\/wp-content\/uploads\/2016\/02\/PDF-Icon-small.png\" alt=\"PDF-Icon-small\" width=\"40\" height=\"46\" \/><\/a><\/p>\n<h4>Portal Almanaque da Cultura 06-02-2016<\/h4>\n<p><a href=\"http:\/\/www.bangfilmes.com.br\/wp-content\/uploads\/2016\/03\/Document\u00e1rio_Sao_Sebastiao_Rio_de_Janeiro_na_Cidade_das_Artes.pdf\" target=\"_blank\" rel=\"noopener\"><img loading=\"lazy\" decoding=\"async\" class=\"alignleft size-full wp-image-461\" src=\"http:\/\/www.bangfilmes.com.br\/wp-content\/uploads\/2016\/02\/PDF-Icon-small.png\" alt=\"PDF-Icon-small\" width=\"40\" height=\"46\" \/><\/a><\/p>\n<h4>Portal Barra Up RJ 03-02-2016<\/h4>\n<p><a href=\"http:\/\/www.bangfilmes.com.br\/wp-content\/uploads\/2016\/03\/Document\u00e1rio-sobre-a-forma\u00e7\u00e3o-do-Rio-na-Cidade-das-Artes-_-BarraUP.pdf\" target=\"_blank\" rel=\"noopener\"><img loading=\"lazy\" decoding=\"async\" class=\"alignleft size-full wp-image-461\" src=\"http:\/\/www.bangfilmes.com.br\/wp-content\/uploads\/2016\/02\/PDF-Icon-small.png\" alt=\"PDF-Icon-small\" width=\"40\" height=\"46\" \/><\/a><\/p>\n<h4>Portal Agenda Cultural RJ 23-02-2016<\/h4>\n<p><a href=\"http:\/\/www.bangfilmes.com.br\/wp-content\/uploads\/2016\/03\/Agenda_Cultural_RJ_-Documentario-_Sao_Sebastiao_do_Rio_de_Janeiro.pdf\" target=\"_blank\" rel=\"noopener\"><img loading=\"lazy\" decoding=\"async\" class=\"alignleft size-full wp-image-461\" src=\"http:\/\/www.bangfilmes.com.br\/wp-content\/uploads\/2016\/02\/PDF-Icon-small.png\" alt=\"PDF-Icon-small\" width=\"40\" height=\"46\" \/><\/a><\/p>\n<h4>Portal Catraca Livre 22-02-2016<\/h4>\n<p><a href=\"http:\/\/www.bangfilmes.com.br\/wp-content\/uploads\/2016\/03\/5_cineclubes_para_curtir_Catraca_Livre.pdf\" target=\"_blank\" rel=\"noopener\"><img loading=\"lazy\" decoding=\"async\" class=\"alignleft size-full wp-image-461\" src=\"http:\/\/www.bangfilmes.com.br\/wp-content\/uploads\/2016\/02\/PDF-Icon-small.png\" alt=\"PDF-Icon-small\" width=\"40\" height=\"46\" \/><\/a><\/p>\n<\/div>\n<div class=\" col-md-1_5\" id=\"\" style=\"text-align:;\">\n<h1>2015<\/h1>\n<h4>Portal Envolverde 10-02-2015<\/h4>\n<p><a href=\"http:\/\/www.bangfilmes.com.br\/wp-content\/uploads\/2016\/02\/SUPERCLIP_Sao_Sebastiao_A_Formacao_de_uma_Cidade.pdf\" target=\"_blank\" rel=\"noopener\"><img loading=\"lazy\" decoding=\"async\" class=\"alignleft size-full wp-image-461\" src=\"http:\/\/www.bangfilmes.com.br\/wp-content\/uploads\/2016\/02\/PDF-Icon-small.png\" alt=\"PDF-Icon-small\" width=\"40\" height=\"46\" \/><\/a><\/p>\n<h4>Revista Veja Rio 19-10-2015<\/h4>\n<p><a href=\"http:\/\/www.bangfilmes.com.br\/wp-content\/uploads\/2016\/02\/SUPERCLIP_-Um-templo-suntuoso.pdf\" target=\"_blank\" rel=\"noopener\"><img loading=\"lazy\" decoding=\"async\" class=\"alignleft size-full wp-image-461\" src=\"http:\/\/www.bangfilmes.com.br\/wp-content\/uploads\/2016\/02\/PDF-Icon-small.png\" alt=\"PDF-Icon-small\" width=\"40\" height=\"46\" \/><\/a><\/p>\n<h4>O Globo 17-12-2015<\/h4>\n<p><a href=\"http:\/\/www.bangfilmes.com.br\/wp-content\/uploads\/2016\/02\/SUPERCLIP_-8-minutos-com-Pascal-Cuissot.pdf\" target=\"_blank\" rel=\"noopener\"><img loading=\"lazy\" decoding=\"async\" class=\"alignleft size-full wp-image-461\" src=\"http:\/\/www.bangfilmes.com.br\/wp-content\/uploads\/2016\/02\/PDF-Icon-small.png\" alt=\"PDF-Icon-small\" width=\"40\" height=\"46\" \/><\/a><\/p>\n<h4>O Globo 10-11-2015<\/h4>\n<p><a href=\"http:\/\/www.bangfilmes.com.br\/wp-content\/uploads\/2016\/02\/SUPERCLIP_-Degradacao_no_Paraiba_do_Sul_sera_tema_documentario.pdf\" target=\"_blank\" rel=\"noopener\"><img loading=\"lazy\" decoding=\"async\" class=\"alignleft size-full wp-image-461\" src=\"http:\/\/www.bangfilmes.com.br\/wp-content\/uploads\/2016\/02\/PDF-Icon-small.png\" alt=\"PDF-Icon-small\" width=\"40\" height=\"46\" \/><\/a><\/p>\n<h4>Portal G1 08-11-2015<\/h4>\n<p><a href=\"http:\/\/www.bangfilmes.com.br\/wp-content\/uploads\/2016\/02\/SUPERCLIP_-Documentario_formacao_do_Rio.pdf\" target=\"_blank\" rel=\"noopener\"><img loading=\"lazy\" decoding=\"async\" class=\"alignleft size-full wp-image-461\" src=\"http:\/\/www.bangfilmes.com.br\/wp-content\/uploads\/2016\/02\/PDF-Icon-small.png\" alt=\"PDF-Icon-small\" width=\"40\" height=\"46\" \/><\/a><\/p>\n<h4>Portal G1 08-11-2015<\/h4>\n<p><a href=\"http:\/\/www.bangfilmes.com.br\/wp-content\/uploads\/2016\/02\/SUPERCLIP_-Documentario_formacao_do_Rio.pdf\" target=\"_blank\" rel=\"noopener\"><img loading=\"lazy\" decoding=\"async\" class=\"alignleft size-full wp-image-461\" src=\"http:\/\/www.bangfilmes.com.br\/wp-content\/uploads\/2016\/02\/PDF-Icon-small.png\" alt=\"PDF-Icon-small\" width=\"40\" height=\"46\" \/><\/a><\/p>\n<h4>Jornal O Globo 01-10-2015<\/h4>\n<p><a href=\"http:\/\/www.bangfilmes.com.br\/wp-content\/uploads\/2016\/02\/SUPERCLIP_-Genio_redivivo.pdf\" target=\"_blank\" rel=\"noopener\"><img loading=\"lazy\" decoding=\"async\" class=\"alignleft size-full wp-image-461\" src=\"http:\/\/www.bangfilmes.com.br\/wp-content\/uploads\/2016\/02\/PDF-Icon-small.png\" alt=\"PDF-Icon-small\" width=\"40\" height=\"46\" \/><\/a><\/p>\n<h4>Blog Lu Lacerda &#8211; Lulacerda.ig.com.br\/<\/h4>\n<p><a href=\"http:\/\/www.bangfilmes.com.br\/wp-content\/uploads\/2016\/02\/SUPERCLIP_-Leilane-Neubarth-narra-documentario-do-Festival-do-Rio.pdf\" target=\"_blank\" rel=\"noopener\"><img loading=\"lazy\" decoding=\"async\" class=\"alignleft size-full wp-image-461\" src=\"http:\/\/www.bangfilmes.com.br\/wp-content\/uploads\/2016\/02\/PDF-Icon-small.png\" alt=\"PDF-Icon-small\" width=\"40\" height=\"46\" \/><\/a><\/p>\n<h4>Revista Veja Rio 16-10-2015<\/h4>\n<p><a href=\"http:\/\/www.bangfilmes.com.br\/wp-content\/uploads\/2016\/02\/SUPERCLIP_-Livro_reune_fotos_de_lugares_do_Rio_e_objetos.pdf\" target=\"_blank\" rel=\"noopener\"><img loading=\"lazy\" decoding=\"async\" class=\"alignleft size-full wp-image-461\" src=\"http:\/\/www.bangfilmes.com.br\/wp-content\/uploads\/2016\/02\/PDF-Icon-small.png\" alt=\"PDF-Icon-small\" width=\"40\" height=\"46\" \/><\/a><\/p>\n<h4>Jornal O Dia 21-11-2015<\/h4>\n<p><a href=\"http:\/\/www.bangfilmes.com.br\/wp-content\/uploads\/2016\/02\/SUPERCLIP_-poucasboas.pdf\" target=\"_blank\" rel=\"noopener\"><img loading=\"lazy\" decoding=\"async\" class=\"alignleft size-full wp-image-461\" src=\"http:\/\/www.bangfilmes.com.br\/wp-content\/uploads\/2016\/02\/PDF-Icon-small.png\" alt=\"PDF-Icon-small\" width=\"40\" height=\"46\" \/><\/a><\/p>\n<h4>Jornal O Globo 09-11-2015<\/h4>\n<p><a href=\"http:\/\/www.bangfilmes.com.br\/wp-content\/uploads\/2016\/02\/SUPERCLIP_-RIO-DE-PASSADO.pdf\" target=\"_blank\" rel=\"noopener\"><img loading=\"lazy\" decoding=\"async\" class=\"alignleft size-full wp-image-461\" src=\"http:\/\/www.bangfilmes.com.br\/wp-content\/uploads\/2016\/02\/PDF-Icon-small.png\" alt=\"PDF-Icon-small\" width=\"40\" height=\"46\" \/><\/a><\/p>\n<h4>Jornal O Globo 23-11-2015<\/h4>\n<p><a href=\"http:\/\/www.bangfilmes.com.br\/wp-content\/uploads\/2016\/02\/SUPERCLIP_-UM-OLHAR-ESTRANGEIRO.pdf\" target=\"_blank\" rel=\"noopener\"><img loading=\"lazy\" decoding=\"async\" class=\"alignleft size-full wp-image-461\" src=\"http:\/\/www.bangfilmes.com.br\/wp-content\/uploads\/2016\/02\/PDF-Icon-small.png\" alt=\"PDF-Icon-small\" width=\"40\" height=\"46\" \/><\/a><br \/>\n<\/div>\n","protected":false},"excerpt":{"rendered":"<p>News The latest news about Bang Filmes<\/p>\n","protected":false},"author":1,"featured_media":0,"parent":0,"menu_order":0,"comment_status":"closed","ping_status":"closed","template":"","meta":{"footnotes":""},"class_list":["post-56","page","type-page","status-publish","hentry"],"_links":{"self":[{"href":"https:\/\/www.bangfilmes.com.br\/en\/wp-json\/wp\/v2\/pages\/56","targetHints":{"allow":["GET"]}}],"collection":[{"href":"https:\/\/www.bangfilmes.com.br\/en\/wp-json\/wp\/v2\/pages"}],"about":[{"href":"https:\/\/www.bangfilmes.com.br\/en\/wp-json\/wp\/v2\/types\/page"}],"author":[{"embeddable":true,"href":"https:\/\/www.bangfilmes.com.br\/en\/wp-json\/wp\/v2\/users\/1"}],"replies":[{"embeddable":true,"href":"https:\/\/www.bangfilmes.com.br\/en\/wp-json\/wp\/v2\/comments?post=56"}],"version-history":[{"count":20,"href":"https:\/\/www.bangfilmes.com.br\/en\/wp-json\/wp\/v2\/pages\/56\/revisions"}],"predecessor-version":[{"id":773,"href":"https:\/\/www.bangfilmes.com.br\/en\/wp-json\/wp\/v2\/pages\/56\/revisions\/773"}],"wp:attachment":[{"href":"https:\/\/www.bangfilmes.com.br\/en\/wp-json\/wp\/v2\/media?parent=56"}],"curies":[{"name":"wp","href":"https:\/\/api.w.org\/{rel}","templated":true}]}}