{"id":587,"date":"2016-04-29T19:08:11","date_gmt":"2016-04-29T19:08:11","guid":{"rendered":"http:\/\/www.bangfilmes.com.br\/saosebastiao\/?page_id=587"},"modified":"2016-05-10T19:18:38","modified_gmt":"2016-05-10T19:18:38","slug":"sao-sebastiao-o-filme","status":"publish","type":"page","link":"https:\/\/www.bangfilmes.com.br\/saosebastiao\/sao-sebastiao-o-filme\/","title":{"rendered":"S\u00e3o Sebasti\u00e3o O Filme"},"content":{"rendered":"<div id=\"magee-slider-6a0361e83337b\" class=\"carousel slide magee-slider \" data-ride=\"carousel\"><ol class=\"carousel-indicators\"><li data-target=\"#magee-slider-6a0361e83337b\" data-slide-to=\"0\" class=\"active\"><\/li><li data-target=\"#magee-slider-6a0361e83337b\" data-slide-to=\"1\" class=\"\"><\/li><\/ol><div class=\"carousel-inner\"><div class=\"item active\"><img decoding=\"async\" src=\"https:\/\/www.bangfilmes.com.br\/saosebastiao\/wp-content\/uploads\/sites\/6\/2016\/05\/slider-bg-pag-saosebat-v1.jpg\" alt=\"\" \/><div class=\"carousel-caption\"><\/div><\/div><div class=\"item \"><img decoding=\"async\" src=\"https:\/\/www.bangfilmes.com.br\/saosebastiao\/wp-content\/uploads\/sites\/6\/2016\/05\/slider-bg-pag-saosebat-v2-1.jpg\" alt=\"\" \/><div class=\"carousel-caption\"><\/div><\/div><\/div><a class=\"left carousel-control\" href=\"#magee-slider-6a0361e83337b\" data-slide=\"prev\"><span class=\"fa fa-angle-left\"><\/span><\/a><a class=\"right carousel-control\" href=\"#magee-slider-6a0361e83337b\" data-slide=\"next\"><span class=\"fa fa-angle-right\"><\/span><\/a><\/div>\n<p>&nbsp;<\/p>\n<h1 style=\"text-align: center;\"><span style=\"color: #50656a;\">S\u00e3o Sebasti\u00e3o O Filme<\/span><\/h1>\n<p>&nbsp;<\/p>\n<div class=\" col-md-6\" id=\"\" style=\"text-align:;\"><span style=\"color: #50656a;\">A minha alegria atravessou o mar e ancorou na passarela, fez um desembarque fascinante no maior show da terra\u201d. Com os versos de \u201c\u00c9 hoje o dia\u201d, samba enredo da Escola Uni\u00e3o da Ilha no carnaval de 1982, a jornalista e apresentadora de TV Leilane Neubarth narra o in\u00edcio do document\u00e1rio \u201cS\u00e3o Sebasti\u00e3o do Rio de Janeiro \u2013 A forma\u00e7\u00e3o de uma cidade\u201d, dirigido e produzido por Juliana de Carvalho, da Bang Filmes.<\/span><\/div>\n<div class=\" col-md-6\" id=\"\" style=\"text-align:;\"><span style=\"color: #50656a;\">O document\u00e1rio de 90 minutos conta a hist\u00f3ria da forma\u00e7\u00e3o urbana da Cidade Maravilhosa que \u00e9 tratada como uma personagem, perseguindo os vest\u00edgios arqueol\u00f3gicos de seus primeiros habitantes, das lutas travadas na conquista desse espa\u00e7o, dos grandes acontecimentos hist\u00f3ricos que aqui se forjaram, das reformas e interven\u00e7\u00f5es urbanas que moldaram o desenho de cidade e a alma do povo que nela vive.<\/span><\/div>\n<p>&nbsp;<\/p>\n<div class=\"wonderplugingallery-container\" id=\"wonderplugingallery-container-17\" style=\"max-width:1140px;margin:0 auto;\"><div class=\"wonderplugingallery\" id=\"wonderplugingallery-17\" data-galleryid=\"17\" data-width=\"1140\" data-height=\"580\" data-skin=\"vertical\" data-autoslide=\"false\" data-autoplayvideo=\"false\" data-schemamarkup=\"false\" data-autoslideandplayafterfirstplayed=\"false\" data-html5player=\"true\" data-responsive=\"true\" data-fullwidth=\"false\" data-showtitle=\"true\" data-showdescription=\"false\" data-showplaybutton=\"true\" data-showfullscreenbutton=\"true\" data-showtimer=\"true\" data-showcarousel=\"true\" data-galleryshadow=\"true\" data-slideshadow=\"false\" data-thumbshowtitle=\"true\" data-thumbshadow=\"true\" data-lightboxshowtitle=\"true\" data-lightboxshowdescription=\"true\" data-specifyid=\"true\" data-donotinit=\"false\" data-addinitscript=\"false\" data-triggerresize=\"false\" data-thumbcolumnsresponsive=\"false\" data-titlesmallscreen=\"false\" data-duration=\"1500\" data-slideduration=\"1000\" data-slideshowinterval=\"6000\" data-googleanalyticsaccount=\"\" data-resizemode=\"fill\" data-imagetoolboxmode=\"mouseover\" data-effect=\"fade\" data-padding=\"20\" data-bgcolor=\"#5a7170\" data-bgimage=\"\" data-thumbwidth=\"148\" data-thumbheight=\"48\" data-thumbgap=\"8\" data-thumbrowgap=\"16\" data-lightboxtextheight=\"72\" data-lightboxtitlecss=\"{color:#333333; font:bold 12px Arial,Helvetica,sans-serif; overflow:hidden; white-space:normal; line-height:18px;}\" data-lightboxdescriptioncss=\"{color:#333333; font:normal 12px Arial,Helvetica,sans-serif; overflow:hidden; white-space:normal; line-height:14px;}\" data-titlecss=\"{color:#ffffff; font-size:20px; font-family:Armata, sans-serif, Arial; overflow:hidden; white-space:normal; text-align:left; padding:10px 0px;}\" data-descriptioncss=\"{color:#b3d1cf; font-size:12px; font-family:Armata, sans-serif, Arial; overflow:hidden; white-space:normal; text-align:left; padding:0px 0px 10px 0px;}\" data-titleheight=\"35\" data-titlesmallscreenwidth=\"640\" data-titleheightsmallscreen=\"148\" data-triggerresizedelay=\"100\" data-thumbmediumsize=\"800\" data-thumbsmallsize=\"480\" data-thumbmediumwidth=\"64\" data-thumbmediumheight=\"64\" data-thumbsmallwidth=\"48\" data-thumbsmallheight=\"48\" data-jsfolder=\"https:\/\/www.bangfilmes.com.br\/saosebastiao\/wp-content\/plugins\/wonderplugin-gallery\/engine\/\" style=\"display:none;\" ><a href=\"http:\/\/player.vimeo.com\/video\/164300780\" data-poster=\"https:\/\/i.vimeocdn.com\/video\/567870112_640.jpg\"><img decoding=\"async\" class=\"html5galleryimg\" src=\"https:\/\/i.vimeocdn.com\/video\/567870112_200x150.jpg\" alt=\"Trailer Oficial\"><\/a><a href=\"http:\/\/player.vimeo.com\/video\/156424376\" data-poster=\"https:\/\/i.vimeocdn.com\/video\/557433549_640.jpg\"><img decoding=\"async\" class=\"html5galleryimg\" src=\"https:\/\/i.vimeocdn.com\/video\/557433549_200x150.jpg\" alt=\"Avant Trailer\"><\/a><a href=\"http:\/\/player.vimeo.com\/video\/164304444\" data-poster=\"https:\/\/i.vimeocdn.com\/video\/567877335_640.jpg\"><img decoding=\"async\" class=\"html5galleryimg\" src=\"https:\/\/i.vimeocdn.com\/video\/567877335_200x150.jpg\" alt=\"Aereas\"><\/a><a href=\"http:\/\/www.youtube.com\/embed\/rtapKA_32TM\" data-poster=\"http:\/\/img.youtube.com\/vi\/rtapKA_32TM\/0.jpg\"><img decoding=\"async\" class=\"html5galleryimg\" src=\"http:\/\/img.youtube.com\/vi\/rtapKA_32TM\/1.jpg\" alt=\"Favelas\"><\/a><div class=\"wonderplugin-engine\"><a href=\"http:\/\/www.wonderplugin.com\/wordpress-gallery\/\" title=\"Responsive WordPress Video Gallery Plugin\">Responsive WordPress Video Gallery Plugin<\/a><\/div><\/div><\/div>\n<p>&nbsp;<\/p>\n<div class=\" col-md-4\" id=\"\" style=\"text-align:;\">\n<h2 style=\"text-align: left;\"><span style=\"color: #50656a;\">SINOPSE<\/span><\/h2>\n<p style=\"text-align: left;\"><span style=\"color: #50656a;\">Os 450 anos da cidade do Rio de Janeiro, pela \u00f3tica da evolu\u00e7\u00e3o de seu urbanismo, contados atrav\u00e9s de ricos depoimentos de especialistas, imagens, narra\u00e7\u00e3o, iconografia in\u00e9dita e computa\u00e7\u00e3o 3D.<\/span><\/p>\n<\/div>\n<div class=\" col-md-8\" id=\"\" style=\"text-align:;\">\n<h2 style=\"text-align: left;\"><span style=\"color: #50656a;\">FICHA<\/span><\/h2>\n<p style=\"text-align: left;\"><span style=\"color: #50656a;\"><span style=\"color: #333333;\">Dire\u00e7\u00e3o, Concep\u00e7\u00e3o e Produ\u00e7\u00e3o:<\/span> Juliana de Carvalho<br \/>\n<span style=\"color: #333333;\">Narra\u00e7\u00e3o:<\/span> Leilane Neubarth<br \/>\n<span style=\"color: #333333;\">Montagem:<\/span> Mair Tavares e Tina Saphira<br \/>\n<span style=\"color: #333333;\">Texto:<\/span> Carlos Haag<br \/>\n<span style=\"color: #333333;\">Fotografia e C\u00e2mera:<\/span> Luiz Abramo, Ant\u00f4nio Luiz Mendes e Fernando Medeiros<br \/>\n<span style=\"color: #333333;\">M\u00fasica:<\/span> Lucas Marcier e Fabiano Krieger<br \/>\n<span style=\"color: #333333;\">Pesquisa Iconogr\u00e1fica:<\/span> Patr\u00edcia Pamplona<br \/>\n<span style=\"color: #333333;\">Consultoria Hist\u00f3rica e Arquitetura:<\/span> Carlos Fernando Andrade e Jos\u00e9 Pessoa<br \/>\n<span style=\"color: #333333;\">Fotografias:<\/span> Ivo Gonzalez<br \/>\n<\/div><\/span><\/p>\n<p>&nbsp;<\/p>\n<style type=\"text\/css\">div.amazingslider-box-1 :nth-child(3) {     visibility: hidden;}<\/style><div class=\"wonderplugingallery-container\" id=\"wonderplugingallery-container-18\" style=\"max-width:1140px;margin:0 auto;\"><div class=\"wonderplugingallery\" id=\"wonderplugingallery-18\" data-galleryid=\"18\" data-width=\"1140\" data-height=\"580\" data-skin=\"vertical\" data-autoslide=\"true\" data-autoplayvideo=\"false\" data-schemamarkup=\"false\" data-autoslideandplayafterfirstplayed=\"false\" data-html5player=\"true\" data-responsive=\"true\" data-fullwidth=\"false\" data-showtitle=\"true\" data-showdescription=\"false\" data-showplaybutton=\"true\" data-showfullscreenbutton=\"true\" data-showtimer=\"true\" data-showcarousel=\"true\" data-galleryshadow=\"true\" data-slideshadow=\"false\" data-thumbshowtitle=\"true\" data-thumbshadow=\"false\" data-lightboxshowtitle=\"true\" data-lightboxshowdescription=\"true\" data-specifyid=\"true\" data-donotinit=\"false\" data-addinitscript=\"false\" data-triggerresize=\"false\" data-thumbcolumnsresponsive=\"false\" data-titlesmallscreen=\"false\" data-duration=\"1500\" data-slideduration=\"1000\" data-slideshowinterval=\"6000\" data-googleanalyticsaccount=\"\" data-resizemode=\"fit\" data-imagetoolboxmode=\"mouseover\" data-effect=\"fade\" data-padding=\"12\" data-bgcolor=\"#5a7170\" data-bgimage=\"\" data-thumbwidth=\"148\" data-thumbheight=\"48\" data-thumbgap=\"8\" data-thumbrowgap=\"16\" data-lightboxtextheight=\"72\" data-lightboxtitlecss=\"{color:#333333; font:bold 12px Arial,Helvetica,sans-serif; overflow:hidden; white-space:normal; line-height:18px;}\" data-lightboxdescriptioncss=\"{color:#333333; font:normal 12px Arial,Helvetica,sans-serif; overflow:hidden; white-space:normal; line-height:14px;}\" data-titlecss=\"{color:#ffffff; font-size:16px; font-family:Armata, sans-serif, Arial; overflow:hidden; white-space:normal; text-align:left; padding:10px 0px;}\" data-descriptioncss=\"{color:#b3d1cf; font-size:12px; font-family:Armata, sans-serif, Arial; overflow:hidden; white-space:normal; text-align:left; padding:0px 0px 10px 0px;}\" data-titleheight=\"35\" data-titlesmallscreenwidth=\"640\" data-titleheightsmallscreen=\"148\" data-triggerresizedelay=\"100\" data-thumbmediumsize=\"800\" data-thumbsmallsize=\"480\" data-thumbmediumwidth=\"64\" data-thumbmediumheight=\"64\" data-thumbsmallwidth=\"48\" data-thumbsmallheight=\"48\" data-jsfolder=\"https:\/\/www.bangfilmes.com.br\/saosebastiao\/wp-content\/plugins\/wonderplugin-gallery\/engine\/\" style=\"display:none;\" ><a href=\"http:\/\/www.bangfilmes.com.br\/saosebastiao\/wp-content\/uploads\/2016\/02\/Pedra_do_Sal07.jpg\" data-mediatype=1><img decoding=\"async\" class=\"html5galleryimg\" src=\"http:\/\/www.bangfilmes.com.br\/saosebastiao\/wp-content\/uploads\/2016\/02\/Pedra_do_Sal07-150x150.jpg\" alt=\"Pedra_do_Sal07\"><\/a><a href=\"http:\/\/www.bangfilmes.com.br\/saosebastiao\/wp-content\/uploads\/2016\/02\/Pedra_do_Sal06.jpg\" data-mediatype=1><img decoding=\"async\" class=\"html5galleryimg\" src=\"http:\/\/www.bangfilmes.com.br\/saosebastiao\/wp-content\/uploads\/2016\/02\/Pedra_do_Sal06-150x150.jpg\" alt=\"Pedra_do_Sal06\"><\/a><a href=\"http:\/\/www.bangfilmes.com.br\/saosebastiao\/wp-content\/uploads\/2016\/02\/ipanema02.jpg\" data-mediatype=1><img decoding=\"async\" class=\"html5galleryimg\" src=\"http:\/\/www.bangfilmes.com.br\/saosebastiao\/wp-content\/uploads\/2016\/02\/ipanema02-150x150.jpg\" alt=\"ipanema02\"><\/a><a href=\"http:\/\/www.bangfilmes.com.br\/saosebastiao\/wp-content\/uploads\/2016\/02\/chafariz08.jpg\" data-mediatype=1><img decoding=\"async\" class=\"html5galleryimg\" src=\"http:\/\/www.bangfilmes.com.br\/saosebastiao\/wp-content\/uploads\/2016\/02\/chafariz08-150x150.jpg\" alt=\"chafariz08\"><\/a><a href=\"http:\/\/www.bangfilmes.com.br\/saosebastiao\/wp-content\/uploads\/2016\/02\/castlec1.jpg\" data-mediatype=1><img decoding=\"async\" class=\"html5galleryimg\" src=\"http:\/\/www.bangfilmes.com.br\/saosebastiao\/wp-content\/uploads\/2016\/02\/castlec1-150x150.jpg\" alt=\"castlec1\"><\/a><a href=\"http:\/\/www.bangfilmes.com.br\/saosebastiao\/wp-content\/uploads\/2016\/02\/Biblioteca_Nacional15.jpg\" data-mediatype=1><img decoding=\"async\" class=\"html5galleryimg\" src=\"http:\/\/www.bangfilmes.com.br\/saosebastiao\/wp-content\/uploads\/2016\/02\/Biblioteca_Nacional15-150x150.jpg\" alt=\"Biblioteca_Nacional15\"><\/a><a href=\"http:\/\/www.bangfilmes.com.br\/saosebastiao\/wp-content\/uploads\/2016\/02\/Sao-Sebastiao-slider.jpg\" data-mediatype=1><img decoding=\"async\" class=\"html5galleryimg\" src=\"http:\/\/www.bangfilmes.com.br\/saosebastiao\/wp-content\/uploads\/2016\/02\/Sao-Sebastiao-slider-150x150.jpg\" alt=\"Sao-Sebastiao-slider\"><\/a><a href=\"http:\/\/www.bangfilmes.com.br\/saosebastiao\/wp-content\/uploads\/2016\/03\/Ordem_Terceira_do_Carmo006.jpg\" data-mediatype=1><img decoding=\"async\" class=\"html5galleryimg\" src=\"http:\/\/www.bangfilmes.com.br\/saosebastiao\/wp-content\/uploads\/2016\/03\/Ordem_Terceira_do_Carmo006-150x150.jpg\" alt=\"Ordem_Terceira_do_Carmo006\"><\/a><div class=\"wonderplugin-engine\"><a href=\"http:\/\/www.wonderplugin.com\/wordpress-gallery\/\" title=\"Responsive WordPress Video Gallery Plugin\">Responsive WordPress Video Gallery Plugin<\/a><\/div><\/div><\/div>\n<p>&nbsp;<\/p>\n<div class=\" col-md-4\" id=\"\" style=\"text-align:;\">\n<h2>Release<\/h2>\n<p><a href=\"http:\/\/www.bangfilmes.com.br\/saosebastiao\/wp-content\/uploads\/sites\/6\/2016\/05\/Release-SSRJ-maio16.pdf\" target=\"_blank\"><img loading=\"lazy\" decoding=\"async\" class=\"alignnone wp-image-215 size-full\" src=\"http:\/\/www.bangfilmes.com.br\/saosebastiao\/wp-content\/uploads\/sites\/6\/2016\/02\/PDF-Icon.png\" alt=\"PDF-Icon\" width=\"72\" height=\"82\" \/><\/a><br \/>\n<\/div>\n<div class=\" col-md-4\" id=\"\" style=\"text-align:;\">\n<h2>Pressbook<\/h2>\n<p><a href=\"http:\/\/www.bangfilmes.com.br\/wp-content\/uploads\/2016\/05\/pressbook.pdf\" target=\"_blank\"><img loading=\"lazy\" decoding=\"async\" class=\"alignnone wp-image-215 size-full\" src=\"http:\/\/www.bangfilmes.com.br\/saosebastiao\/wp-content\/uploads\/sites\/6\/2016\/02\/PDF-Icon.png\" alt=\"PDF-Icon\" width=\"72\" height=\"82\" \/><\/a><br \/>\n<\/div>\n<div class=\" col-md-4\" id=\"\" style=\"text-align:;\">\n<h2>Material Did\u00e1tico<\/h2>\n<p><img loading=\"lazy\" decoding=\"async\" class=\"alignnone wp-image-215 size-full\" src=\"http:\/\/www.bangfilmes.com.br\/saosebastiao\/wp-content\/uploads\/sites\/6\/2016\/02\/PDF-Icon.png\" alt=\"PDF-Icon\" width=\"72\" height=\"82\" \/><br \/>\n<\/div>\n<p><img loading=\"lazy\" decoding=\"async\" class=\"aligncenter size-full wp-image-669\" src=\"http:\/\/www.bangfilmes.com.br\/saosebastiao\/wp-content\/uploads\/sites\/6\/2016\/05\/Barra-LOGOS.jpg\" alt=\"Barra-LOGOS\" width=\"1200\" height=\"101\" srcset=\"https:\/\/www.bangfilmes.com.br\/saosebastiao\/wp-content\/uploads\/sites\/6\/2016\/05\/Barra-LOGOS.jpg 1200w, https:\/\/www.bangfilmes.com.br\/saosebastiao\/wp-content\/uploads\/sites\/6\/2016\/05\/Barra-LOGOS-300x25.jpg 300w, https:\/\/www.bangfilmes.com.br\/saosebastiao\/wp-content\/uploads\/sites\/6\/2016\/05\/Barra-LOGOS-768x65.jpg 768w, https:\/\/www.bangfilmes.com.br\/saosebastiao\/wp-content\/uploads\/sites\/6\/2016\/05\/Barra-LOGOS-1024x86.jpg 1024w\" sizes=\"auto, (max-width: 1200px) 100vw, 1200px\" \/><\/p>\n","protected":false},"excerpt":{"rendered":"<p>&nbsp; S\u00e3o Sebasti\u00e3o O Filme &nbsp; &nbsp; &nbsp; &nbsp; &nbsp;<\/p>\n","protected":false},"author":1,"featured_media":0,"parent":0,"menu_order":0,"comment_status":"closed","ping_status":"closed","template":"Modelo-SaoSebast.php","meta":{"footnotes":""},"class_list":["post-587","page","type-page","status-publish","hentry"],"_links":{"self":[{"href":"https:\/\/www.bangfilmes.com.br\/saosebastiao\/wp-json\/wp\/v2\/pages\/587","targetHints":{"allow":["GET"]}}],"collection":[{"href":"https:\/\/www.bangfilmes.com.br\/saosebastiao\/wp-json\/wp\/v2\/pages"}],"about":[{"href":"https:\/\/www.bangfilmes.com.br\/saosebastiao\/wp-json\/wp\/v2\/types\/page"}],"author":[{"embeddable":true,"href":"https:\/\/www.bangfilmes.com.br\/saosebastiao\/wp-json\/wp\/v2\/users\/1"}],"replies":[{"embeddable":true,"href":"https:\/\/www.bangfilmes.com.br\/saosebastiao\/wp-json\/wp\/v2\/comments?post=587"}],"version-history":[{"count":59,"href":"https:\/\/www.bangfilmes.com.br\/saosebastiao\/wp-json\/wp\/v2\/pages\/587\/revisions"}],"predecessor-version":[{"id":672,"href":"https:\/\/www.bangfilmes.com.br\/saosebastiao\/wp-json\/wp\/v2\/pages\/587\/revisions\/672"}],"wp:attachment":[{"href":"https:\/\/www.bangfilmes.com.br\/saosebastiao\/wp-json\/wp\/v2\/media?parent=587"}],"curies":[{"name":"wp","href":"https:\/\/api.w.org\/{rel}","templated":true}]}}