{"id":64,"date":"2016-02-03T14:05:57","date_gmt":"2016-02-03T14:05:57","guid":{"rendered":"http:\/\/www.bangfilmes.com.br\/saosebastiao\/?page_id=64"},"modified":"2016-03-18T18:18:16","modified_gmt":"2016-03-18T18:18:16","slug":"depoimentos","status":"publish","type":"page","link":"https:\/\/www.bangfilmes.com.br\/saosebastiao\/depoimentos\/","title":{"rendered":"Depoimentos"},"content":{"rendered":"<div id=\"\" class=\" row\"><\/div>\n<div class=\" col-md-4\" id=\"\" style=\"text-align:;\">\n<div class=\"magee-testimonial-box   \" is=\"\"><div class=\"testimonial-content\"><div class=\"testimonial-quote\">Fui ser mediadora de um debate sobre sustentabilidade na Cultura, promovida pela Secretaria de Cultura do Rio. Na sa\u00edda, recebemos uma bolsa e l\u00e1 estava um livro lindo sobre o Rio de Janeiro. Come\u00e7o a ver e ler e encontrei a assinatura da diretora Juliana de Carvalho, que adaptou o livro para o cinema.<br \/>\nAdorei.<br \/>\nParab\u00e9ns!&#8221;<\/div><\/div> <div class=\"testimonial-vcard style1\"> <div class=\"testimonial-avatar\"><img decoding=\"async\" src=\"\" class=\"img-circle\"><\/div> <div class=\"testimonial-author\"><h4 class=\"name\" style=\"text-transform: uppercase;color: #000;\">Maria Arlete Gon\u00e7alves<\/h4><div class=\"title\">Diretora da MAG Consultoria Cultural<\/div><\/div> <\/div><\/div>\n<\/div>\n<div class=\" col-md-4\" id=\"\" style=\"text-align:;\">\n<div class=\"magee-testimonial-box   \" is=\"\"><div class=\"testimonial-content\"><div class=\"testimonial-quote\">Juliana, J\u00e1 falei com voc\u00ea ontem no BNDES e volto aqui a repetir que seu filme \u00e9 lindo, afetuoso, despreconceituoso, plural, democr\u00e1tico e apaixonado pela cidade mesmo com todas as mazelas, que o s\u00e3o para uns mas n\u00e3o para outros. Voc\u00ea est\u00e1 de parab\u00e9ns por realizar este voo dific\u00edlimo sobre a hist\u00f3ria da cidade e que deixar\u00e1 uma marca, em cada pessoa que o vir. E espero que sejam muitas. Obrigado pelo convite de participar um pouquinho disto, ao lado de ilustres companhias como minhas amigas Margareth e Alba, ambas em interven\u00e7\u00f5es iluminadas. Mantenha-me informado sempre que for reexibi-lo para falar para os amigos irem ver e, se ocasionalmente voc\u00ea comercializar o filme em DVD, para te-lo em minha casa. Um grande beijo.&#8221;<\/div><\/div> <div class=\"testimonial-vcard style1\"> <div class=\"testimonial-avatar\"><img decoding=\"async\" src=\"http:\/\/www.mageewp.com\/onetone\/wp-content\/uploads\/sites\/6\/sites\/17\/2015\/11\/222.jpg\" class=\"img-circle\"><\/div> <div class=\"testimonial-author\"><h4 class=\"name\" style=\"text-transform: uppercase;color: #000;\">Augusto Ivan<\/h4><div class=\"title\">Urbanista e Arquiteto<\/div><\/div> <\/div><\/div>\n<\/div>\n<div id=\"\" class=\" row\"><\/div>\n","protected":false},"excerpt":{"rendered":"","protected":false},"author":1,"featured_media":0,"parent":0,"menu_order":0,"comment_status":"closed","ping_status":"closed","template":"","meta":{"footnotes":""},"class_list":["post-64","page","type-page","status-publish","hentry"],"_links":{"self":[{"href":"https:\/\/www.bangfilmes.com.br\/saosebastiao\/wp-json\/wp\/v2\/pages\/64","targetHints":{"allow":["GET"]}}],"collection":[{"href":"https:\/\/www.bangfilmes.com.br\/saosebastiao\/wp-json\/wp\/v2\/pages"}],"about":[{"href":"https:\/\/www.bangfilmes.com.br\/saosebastiao\/wp-json\/wp\/v2\/types\/page"}],"author":[{"embeddable":true,"href":"https:\/\/www.bangfilmes.com.br\/saosebastiao\/wp-json\/wp\/v2\/users\/1"}],"replies":[{"embeddable":true,"href":"https:\/\/www.bangfilmes.com.br\/saosebastiao\/wp-json\/wp\/v2\/comments?post=64"}],"version-history":[{"count":10,"href":"https:\/\/www.bangfilmes.com.br\/saosebastiao\/wp-json\/wp\/v2\/pages\/64\/revisions"}],"predecessor-version":[{"id":519,"href":"https:\/\/www.bangfilmes.com.br\/saosebastiao\/wp-json\/wp\/v2\/pages\/64\/revisions\/519"}],"wp:attachment":[{"href":"https:\/\/www.bangfilmes.com.br\/saosebastiao\/wp-json\/wp\/v2\/media?parent=64"}],"curies":[{"name":"wp","href":"https:\/\/api.w.org\/{rel}","templated":true}]}}